{"id":13468,"date":"2026-01-23T16:25:15","date_gmt":"2026-01-23T05:25:15","guid":{"rendered":"https:\/\/naati-directory-staging.osky.dev\/danh-ba-thong-dich-vien-va-phien-dich-vien-dich-thuat-vien-duoc-naati-chung-nhan\/"},"modified":"2026-03-02T08:48:14","modified_gmt":"2026-03-01T21:48:14","slug":"danh-ba-thong-dich-vien-va-phien-dich-vien-dich-thuat-vien-duoc-naati-chung-nhan","status":"publish","type":"page","link":"https:\/\/naati-directory-staging.osky.dev\/vi\/","title":{"rendered":"Danh b\u1ea1 th\u00f4ng d\u1ecbch vi\u00ean v\u00e0 phi\u00ean d\u1ecbch vi\u00ean\/d\u1ecbch thu\u1eadt vi\u00ean \u0111\u01b0\u1ee3c NAATI ch\u1ee9ng nh\u1eadn"},"content":{"rendered":"","protected":false},"excerpt":{"rendered":"<p>Danh b\u1ea1 ch\u00ednh th\u1ee9c duy nh\u1ea5t c\u1ee7a \u00dac v\u1ec1 th\u00f4ng d\u1ecbch vi\u00ean v\u00e0 phi\u00ean d\u1ecbch vi\u00ean\/d\u1ecbch thu\u1eadt vi\u00ean \u0111\u01b0\u1ee3c NAATI ch\u1ee9ng nh\u1eadn.<\/p>\n","protected":false},"author":1,"featured_media":13467,"parent":0,"menu_order":0,"comment_status":"closed","ping_status":"closed","template":"","meta":{"_acf_changed":false,"footnotes":""},"class_list":["post-13468","page","type-page","status-publish","has-post-thumbnail","hentry"],"acf":[],"_links":{"self":[{"href":"https:\/\/naati-directory-staging.osky.dev\/vi\/wp-json\/wp\/v2\/pages\/13468","targetHints":{"allow":["GET"]}}],"collection":[{"href":"https:\/\/naati-directory-staging.osky.dev\/vi\/wp-json\/wp\/v2\/pages"}],"about":[{"href":"https:\/\/naati-directory-staging.osky.dev\/vi\/wp-json\/wp\/v2\/types\/page"}],"author":[{"embeddable":true,"href":"https:\/\/naati-directory-staging.osky.dev\/vi\/wp-json\/wp\/v2\/users\/1"}],"replies":[{"embeddable":true,"href":"https:\/\/naati-directory-staging.osky.dev\/vi\/wp-json\/wp\/v2\/comments?post=13468"}],"version-history":[{"count":1,"href":"https:\/\/naati-directory-staging.osky.dev\/vi\/wp-json\/wp\/v2\/pages\/13468\/revisions"}],"predecessor-version":[{"id":14202,"href":"https:\/\/naati-directory-staging.osky.dev\/vi\/wp-json\/wp\/v2\/pages\/13468\/revisions\/14202"}],"wp:featuredmedia":[{"embeddable":true,"href":"https:\/\/naati-directory-staging.osky.dev\/vi\/wp-json\/wp\/v2\/media\/13467"}],"wp:attachment":[{"href":"https:\/\/naati-directory-staging.osky.dev\/vi\/wp-json\/wp\/v2\/media?parent=13468"}],"curies":[{"name":"wp","href":"https:\/\/api.w.org\/{rel}","templated":true}]}}