{"id":13883,"date":"2026-01-09T11:15:45","date_gmt":"2026-01-09T00:15:45","guid":{"rendered":"https:\/\/naati-directory-staging.osky.dev\/naati-sertifikasini-kontrol-edin\/"},"modified":"2026-03-02T10:13:59","modified_gmt":"2026-03-01T23:13:59","slug":"naati-sertifikasini-kontrol-edin","status":"publish","type":"page","link":"https:\/\/naati-directory-staging.osky.dev\/tr\/naati-sertifikasini-kontrol-edin\/","title":{"rendered":"NAATI sertifikas\u0131n\u0131 kontrol edin"},"content":{"rendered":"","protected":false},"excerpt":{"rendered":"<p>Akreditasyon arac\u0131n\u0131 do\u011frula<\/p>\n","protected":false},"author":1,"featured_media":13878,"parent":0,"menu_order":0,"comment_status":"closed","ping_status":"closed","template":"","meta":{"_acf_changed":false,"footnotes":""},"class_list":["post-13883","page","type-page","status-publish","has-post-thumbnail","hentry"],"acf":[],"_links":{"self":[{"href":"https:\/\/naati-directory-staging.osky.dev\/tr\/wp-json\/wp\/v2\/pages\/13883","targetHints":{"allow":["GET"]}}],"collection":[{"href":"https:\/\/naati-directory-staging.osky.dev\/tr\/wp-json\/wp\/v2\/pages"}],"about":[{"href":"https:\/\/naati-directory-staging.osky.dev\/tr\/wp-json\/wp\/v2\/types\/page"}],"author":[{"embeddable":true,"href":"https:\/\/naati-directory-staging.osky.dev\/tr\/wp-json\/wp\/v2\/users\/1"}],"replies":[{"embeddable":true,"href":"https:\/\/naati-directory-staging.osky.dev\/tr\/wp-json\/wp\/v2\/comments?post=13883"}],"version-history":[{"count":2,"href":"https:\/\/naati-directory-staging.osky.dev\/tr\/wp-json\/wp\/v2\/pages\/13883\/revisions"}],"predecessor-version":[{"id":14318,"href":"https:\/\/naati-directory-staging.osky.dev\/tr\/wp-json\/wp\/v2\/pages\/13883\/revisions\/14318"}],"wp:featuredmedia":[{"embeddable":true,"href":"https:\/\/naati-directory-staging.osky.dev\/tr\/wp-json\/wp\/v2\/media\/13878"}],"wp:attachment":[{"href":"https:\/\/naati-directory-staging.osky.dev\/tr\/wp-json\/wp\/v2\/media?parent=13883"}],"curies":[{"name":"wp","href":"https:\/\/api.w.org\/{rel}","templated":true}]}}